{"id":687,"date":"2016-04-17T10:04:42","date_gmt":"2016-04-17T10:04:42","guid":{"rendered":"http:\/\/dione.thememove.com\/?page_id=687"},"modified":"2021-08-02T13:22:37","modified_gmt":"2021-08-02T11:22:37","slug":"startseite","status":"publish","type":"page","link":"http:\/\/buege-immobilien.de\/","title":{"rendered":"Startseite"},"content":{"rendered":"<p>[vc_row full_width=&#8220;stretch_row&#8220; el_class=&#8220;padding-x-200-lg&#8220; css=&#8220;.vc_custom_1463542921389{margin-top: -35px !important;margin-bottom: 90px !important;}&#8220;][vc_column width=&#8220;1\/2&#8243; bg_type=&#8220;image&#8220; bg_image_new=&#8220;1243&#8243; enable_overlay=&#8220;enable_overlay_value&#8220; overlay_style=&#8220;stBg&#8220; overlay_opacity=&#8220;85&#8243; el_class=&#8220;mw-700 wow fadeInUp&#8220; css=&#8220;.vc_custom_1468315487958{padding-top: 150px !important;padding-right: 100px !important;padding-bottom: 150px !important;padding-left: 100px !important;}&#8220;][vc_custom_heading text=&#8220;Immobilien sind unsere Leidenschaft&#8220; font_container=&#8220;tag:h2|text_align:left|color:%23ffffff&#8220; use_theme_fonts=&#8220;yes&#8220; css=&#8220;.vc_custom_1474753717130{margin-bottom: 50px !important;}&#8220;][vc_custom_heading text=&#8220;Aufgrund unserer langj\u00e4hrigen Kontakte und Erfahrungen k\u00f6nnen wir Ihnen als Eigent\u00fcmer ein komplettes Paket rund um die Immobilie anbieten. Wir als Verwaltung sorgen f\u00fcr den Erhalt und die Wertsteigerung Ihrer Immobilie, indem wir diese gewissenhaft betreuen und Ihnen M\u00f6glichkeiten aufzeigen, wie man den Wert der Immobilie steigern kann. &#8220; font_container=&#8220;tag:div|text_align:left|color:%23ffffff&#8220; use_theme_fonts=&#8220;yes&#8220; css=&#8220;.vc_custom_1474406877709{margin-bottom: 50px !important;}&#8220;][button type=&#8220;&#8220; style=&#8220;btn-border-white&#8220; button_link=&#8220;url:http%3A%2F%2Fbuege-immobilien.de%2F%3Fpage_id%3D683|title:KONTAKT|target:%20_blank|&#8220;][\/vc_column][vc_column width=&#8220;1\/2&#8243; css=&#8220;.vc_custom_1466591661446{padding-top: 120px !important;padding-bottom: 80px !important;padding-left: 100px !important;}&#8220;][vc_column_text]<\/p>\n<blockquote>\n<h2 style=\"text-align: left;\">Zusammenkommen ist ein Beginn, Zusammenbleiben ist ein Fortschritt, Zusammenarbeiten ist ein Erfolg<\/h2>\n<\/blockquote>\n<p>[\/vc_column_text][vc_column_text]<\/p>\n<p style=\"text-align: right;\">&#8211; Henry Ford<\/p>\n<p>[\/vc_column_text][\/vc_column][\/vc_row][vc_row full_width=&#8220;stretch_row&#8220; bg_type=&#8220;bg_color&#8220; bg_solid_color=&#8220;#fbfbfb&#8220; enable_overlay=&#8220;enable_overlay_value&#8220; pattern_image=&#8220;315&#8243; overlay_opacity=&#8220;100&#8243; css=&#8220;.vc_custom_1461211764415{margin-bottom: 0px !important;padding-top: 100px !important;padding-bottom: 100px !important;}&#8220;][vc_column width=&#8220;1\/4&#8243; el_class=&#8220;wow fadeInUp&#8220;][counter element_tag=&#8220;&#8220; duration=&#8220;duration-2s&#8220; counter_value=&#8220;137&#8243; counter_title=&#8220;Objekte&#8220;][\/vc_column][vc_column width=&#8220;1\/2&#8243;][counter element_tag=&#8220;&#8220; duration=&#8220;duration-2s&#8220; counter_value=&#8220;1600&#8243; counter_title=&#8220;Einheiten&#8220;][\/vc_column][vc_column width=&#8220;1\/4&#8243;][counter element_tag=&#8220;&#8220; duration=&#8220;duration-2s&#8220; counter_value=&#8220;104&#8243; counter_title=&#8220;Kunden&#8220;][\/vc_column][\/vc_row][vc_row css=&#8220;.vc_custom_1461068405771{margin-top: 100px !important;}&#8220;][vc_column][svg svg_icon=&#8220;svg01&#8243; custom_class=&#8220;wow fadeInUp&#8220;][vc_custom_heading text=&#8220;Leistungs\u00fcberblick&#8220; font_container=&#8220;tag:h2|text_align:center&#8220; use_theme_fonts=&#8220;yes&#8220; css=&#8220;.vc_custom_1472485556074{margin-top: 30px !important;margin-bottom: 100px !important;}&#8220; el_class=&#8220;wow fadeInUp delay-200&#8243;][\/vc_column][\/vc_row][vc_row full_width=&#8220;stretch_row&#8220; css=&#8220;.vc_custom_1472726639561{margin-bottom: 0px !important;}&#8220;][vc_column width=&#8220;1\/2&#8243;][icon_with_text element_tag=&#8220;&#8220; text_align=&#8220;&#8220; style=&#8220;&#8220; type=&#8220;font-icons&#8220; icon_type=&#8220;pe7stroke&#8220; icon_pe7stroke=&#8220;pe-7s-menu&#8220; title=&#8220;Mietverwaltung&#8220; text=&#8220;Wir betreuen mittlerweile 38 Liegenschaften in der Mietverwaltung. Unter dem Punkt Leistungen auf unsere Homepage erfahren Sie genaueres zum Leistungsumfang. In einem pers\u00f6nlichen Gespr\u00e4ch k\u00f6nnen wir Ihnen aber unser gesamtes Leistungsspektrum aufzeigen.&#8220; custom_class=&#8220;wow fadeInUp&#8220;][icon_with_text element_tag=&#8220;&#8220; text_align=&#8220;&#8220; style=&#8220;&#8220; type=&#8220;font-icons&#8220; icon_type=&#8220;pe7stroke&#8220; icon_pe7stroke=&#8220;pe-7s-config&#8220; title=&#8220;Abrechnungsservice&#8220; text=&#8220;Viele Eigent\u00fcmer verwalten Ihre Immobilie selbst. Lediglich die Erstellung der Abrechnung und die Bearbeitung der Einspr\u00fcche stellt f\u00fcr einige dann aber ein Problem da. Nicht weil man es nicht kann, sondern weil die damit verbundene Arbeit oft sehr viel Geduld erfordert und einige Mieter sich das nur sehr schwer erl\u00e4utern lassen. F\u00fcr uns ist dies jedoch eine Aufgabe, die wir tagt\u00e4glich bew\u00e4ltigen und gerne f\u00fcr Sie \u00fcbernehmen.&#8220; custom_class=&#8220;wow fadeInUp&#8220;][\/vc_column][vc_column width=&#8220;1\/2&#8243;][icon_with_text element_tag=&#8220;&#8220; text_align=&#8220;&#8220; style=&#8220;&#8220; type=&#8220;font-icons&#8220; icon_type=&#8220;pe7stroke&#8220; icon_pe7stroke=&#8220;pe-7s-compass&#8220; title=&#8220;WEG-Verwaltung&#8220; text=&#8220;Wir betreuen mittlerweile 25 Liegenschaften in der WEG-Verwaltung. Unter dem Punkt Leistungen auf unsere Homepage erfahren Sie genaueres zum Leistungsumfang. In einem pers\u00f6nlichen Gespr\u00e4ch k\u00f6nnen wir Ihnen aber unser gesamtes Leistungsspektrum aufzeigen.&#8220; custom_class=&#8220; wow fadeInUp delay-200&#8243;][\/vc_column][\/vc_row][vc_row css=&#8220;.vc_custom_1461068405771{margin-top: 100px !important;}&#8220;][vc_column][svg svg_icon=&#8220;svg01&#8243; custom_class=&#8220;wow fadeInUp&#8220;][\/vc_column][\/vc_row][vc_row full_width=&#8220;stretch_row&#8220; enable_overlay=&#8220;enable_overlay_value&#8220; pattern_image=&#8220;315&#8243; css=&#8220;.vc_custom_1472486501756{padding-top: 100px !important;padding-bottom: 100px !important;}&#8220;][vc_column offset=&#8220;vc_col-lg-offset-2 vc_col-lg-8 vc_col-md-offset-0 vc_col-md-12&#8243;][vc_custom_heading text=&#8220;Kontaktieren Sie uns&#8220; font_container=&#8220;tag:h1|text_align:center&#8220; use_theme_fonts=&#8220;yes&#8220; el_class=&#8220; wow fadeInUp&#8220;][vc_custom_heading text=&#8220;Wenn Sie ein Angebot w\u00fcnschen, nutzen Sie einfach unser Kontaktformular. Wir erstellen Ihnen ein Angebot ganz nach Ihren W\u00fcnschen und Bed\u00fcrfnissen.&#8220; font_container=&#8220;tag:div|text_align:center&#8220; use_theme_fonts=&#8220;yes&#8220; css=&#8220;.vc_custom_1474408404255{margin-top: 30px !important;margin-bottom: 30px !important;}&#8220; el_class=&#8220; wow fadeInUp delay-200&#8243;][button display=&#8220;block&#8220; align=&#8220;center&#8220; type=&#8220;&#8220; style=&#8220;btn-bg-secondary-color&#8220; button_link=&#8220;url:http%3A%2F%2Fbuege-immobilien.de%2F%3Fpage_id%3D683|title:Kontakt||&#8220; el_class=&#8220; wow fadeInUp delay-400&#8243;][\/vc_column][\/vc_row]<\/p>\n","protected":false},"excerpt":{"rendered":"<p>[vc_row full_width=&#8220;stretch_row&#8220; el_class=&#8220;padding-x-200-lg&#8220; css=&#8220;.vc_custom_1463542921389{margin-top: -35px !important;margin-bottom: 90px !important;}&#8220;][vc_column width=&#8220;1\/2&#8243; bg_type=&#8220;image&#8220; bg_image_new=&#8220;1243&#8243; enable_overlay=&#8220;enable_overlay_value&#8220; overlay_style=&#8220;stBg&#8220; overlay_opacity=&#8220;85&#8243; el_class=&#8220;mw-700 wow fadeInUp&#8220; css=&#8220;.vc_custom_1468315487958{padding-top: 150px !important;padding-right: 100px !important;padding-bottom: 150px !important;padding-left: 100px !important;}&#8220;][vc_custom_heading text=&#8220;Immobilien sind unsere Leidenschaft&#8220; font_container=&#8220;tag:h2|text_align:left|color:%23ffffff&#8220; use_theme_fonts=&#8220;yes&#8220; css=&#8220;.vc_custom_1474753717130{margin-bottom: 50px !important;}&#8220;][vc_custom_heading text=&#8220;Aufgrund unserer langj\u00e4hrigen Kontakte und Erfahrungen k\u00f6nnen wir Ihnen als Eigent\u00fcmer ein komplettes Paket rund um die Immobilie anbieten. Wir [&hellip;]<\/p>\n","protected":false},"author":1,"featured_media":0,"parent":0,"menu_order":0,"comment_status":"closed","ping_status":"closed","template":"","meta":[],"_links":{"self":[{"href":"http:\/\/buege-immobilien.de\/index.php?rest_route=\/wp\/v2\/pages\/687"}],"collection":[{"href":"http:\/\/buege-immobilien.de\/index.php?rest_route=\/wp\/v2\/pages"}],"about":[{"href":"http:\/\/buege-immobilien.de\/index.php?rest_route=\/wp\/v2\/types\/page"}],"author":[{"embeddable":true,"href":"http:\/\/buege-immobilien.de\/index.php?rest_route=\/wp\/v2\/users\/1"}],"replies":[{"embeddable":true,"href":"http:\/\/buege-immobilien.de\/index.php?rest_route=%2Fwp%2Fv2%2Fcomments&post=687"}],"version-history":[{"count":84,"href":"http:\/\/buege-immobilien.de\/index.php?rest_route=\/wp\/v2\/pages\/687\/revisions"}],"predecessor-version":[{"id":3423,"href":"http:\/\/buege-immobilien.de\/index.php?rest_route=\/wp\/v2\/pages\/687\/revisions\/3423"}],"wp:attachment":[{"href":"http:\/\/buege-immobilien.de\/index.php?rest_route=%2Fwp%2Fv2%2Fmedia&parent=687"}],"curies":[{"name":"wp","href":"https:\/\/api.w.org\/{rel}","templated":true}]}}